{"id":6,"date":"2020-11-17T21:00:48","date_gmt":"2020-11-17T20:00:48","guid":{"rendered":"https:\/\/www.airinov.fr\/?page_id=6"},"modified":"2020-11-17T21:00:48","modified_gmt":"2020-11-17T20:00:48","slug":"demenageurs-parisiens-retrouver-le-demenageur-paris-19e-pas-cher","status":"publish","type":"page","link":"https:\/\/www.airinov.fr\/","title":{"rendered":"D\u00e9m\u00e9nageurs Parisiens : retrouver le d\u00e9m\u00e9nageur paris 19e pas cher"},"content":{"rendered":"<p>Avec le groupe <strong><a href=\"https:\/\/www.demenageurs-parisiens.com\/\">D\u00e9m\u00e9nageurs Parisiens<\/a><\/strong>, des d\u00e9m\u00e9nageurs exp\u00e9riment\u00e9s assurent les services de transfert d\u2019entreprises ou de d\u00e9m\u00e9nagement pour les particuliers. Ing\u00e9nieux et rompus \u00e0 la t\u00e2che, ils vous aident \u00e0 r\u00e9aliser vos op\u00e9rations dans de tr\u00e8s bonnes conditions et en toute s\u00e9r\u00e9nit\u00e9. Peu importe votre destination, vous b\u00e9n\u00e9ficierez d\u2019un travail s\u00e9rieux \u00e0 un prix raisonnable. Alors, pour en apprendre davantage sur les diff\u00e9rentes prestations de cette soci\u00e9t\u00e9 et les d\u00e9marches pr\u00e9vues, vous pouvez tout simplement visiter le blogue professionnel demenageurs-parisiens.com. Ainsi, vous serez \u00e0 m\u00eame de remplir et d\u2019envoyer le formulaire mis \u00e0 votre disposition dans le seul but de recevoir gratuitement votre devis.<\/p>\n","protected":false},"excerpt":{"rendered":"<p>Avec le groupe D\u00e9m\u00e9nageurs Parisiens, des d\u00e9m\u00e9nageurs exp\u00e9riment\u00e9s assurent les services de transfert d\u2019entreprises ou de d\u00e9m\u00e9nagement pour les particuliers. Ing\u00e9nieux et rompus \u00e0 la t\u00e2che, ils vous aident \u00e0 r\u00e9aliser vos op\u00e9rations dans de tr\u00e8s bonnes conditions et en toute s\u00e9r\u00e9nit\u00e9. Peu importe votre destination, vous b\u00e9n\u00e9ficierez d\u2019un travail s\u00e9rieux \u00e0 un prix raisonnable. [&hellip;]<\/p>\n","protected":false},"author":1,"featured_media":7,"parent":0,"menu_order":0,"comment_status":"closed","ping_status":"closed","template":"","meta":[],"yoast_head":"<!-- This site is optimized with the Yoast SEO plugin v15.2.1 - https:\/\/yoast.com\/wordpress\/plugins\/seo\/ -->\n<title>D\u00e9m\u00e9nageurs Parisiens : retrouver le d\u00e9m\u00e9nageur paris 19e pas cher - demenageur<\/title>\n<meta name=\"robots\" content=\"index, follow, max-snippet:-1, max-image-preview:large, max-video-preview:-1\" \/>\n<link rel=\"canonical\" href=\"https:\/\/www.airinov.fr\/\" \/>\n<meta property=\"og:locale\" content=\"en_US\" \/>\n<meta property=\"og:type\" content=\"article\" \/>\n<meta property=\"og:title\" content=\"D\u00e9m\u00e9nageurs Parisiens : retrouver le d\u00e9m\u00e9nageur paris 19e pas cher - demenageur\" \/>\n<meta property=\"og:description\" content=\"Avec le groupe D\u00e9m\u00e9nageurs Parisiens, des d\u00e9m\u00e9nageurs exp\u00e9riment\u00e9s assurent les services de transfert d\u2019entreprises ou de d\u00e9m\u00e9nagement pour les particuliers. Ing\u00e9nieux et rompus \u00e0 la t\u00e2che, ils vous aident \u00e0 r\u00e9aliser vos op\u00e9rations dans de tr\u00e8s bonnes conditions et en toute s\u00e9r\u00e9nit\u00e9. Peu importe votre destination, vous b\u00e9n\u00e9ficierez d\u2019un travail s\u00e9rieux \u00e0 un prix raisonnable. [&hellip;]\" \/>\n<meta property=\"og:url\" content=\"https:\/\/www.airinov.fr\/\" \/>\n<meta property=\"og:site_name\" content=\"demenageur\" \/>\n<meta property=\"og:image\" content=\"https:\/\/www.airinov.fr\/wp-content\/uploads\/2020\/11\/demenageur.jpg\" \/>\n\t<meta property=\"og:image:width\" content=\"960\" \/>\n\t<meta property=\"og:image:height\" content=\"520\" \/>\n<meta name=\"twitter:card\" content=\"summary_large_image\" \/>\n<meta name=\"twitter:label1\" content=\"Written by\">\n\t<meta name=\"twitter:data1\" content=\"admin1917\">\n\t<meta name=\"twitter:label2\" content=\"Est. reading time\">\n\t<meta name=\"twitter:data2\" content=\"1 minute\">\n<script type=\"application\/ld+json\" class=\"yoast-schema-graph\">{\"@context\":\"https:\/\/schema.org\",\"@graph\":[{\"@type\":\"WebSite\",\"@id\":\"https:\/\/www.airinov.fr\/#website\",\"url\":\"https:\/\/www.airinov.fr\/\",\"name\":\"demenageur\",\"description\":\"d\\u00e9m\\u00e9nageurs parisiens\",\"potentialAction\":[{\"@type\":\"SearchAction\",\"target\":\"https:\/\/www.airinov.fr\/?s={search_term_string}\",\"query-input\":\"required name=search_term_string\"}],\"inLanguage\":\"en-US\"},{\"@type\":\"ImageObject\",\"@id\":\"https:\/\/www.airinov.fr\/#primaryimage\",\"inLanguage\":\"en-US\",\"url\":\"https:\/\/www.airinov.fr\/wp-content\/uploads\/2020\/11\/demenageur.jpg\",\"width\":960,\"height\":520},{\"@type\":\"WebPage\",\"@id\":\"https:\/\/www.airinov.fr\/#webpage\",\"url\":\"https:\/\/www.airinov.fr\/\",\"name\":\"D\\u00e9m\\u00e9nageurs Parisiens : retrouver le d\\u00e9m\\u00e9nageur paris 19e pas cher - demenageur\",\"isPartOf\":{\"@id\":\"https:\/\/www.airinov.fr\/#website\"},\"primaryImageOfPage\":{\"@id\":\"https:\/\/www.airinov.fr\/#primaryimage\"},\"datePublished\":\"2020-11-17T20:00:48+00:00\",\"dateModified\":\"2020-11-17T20:00:48+00:00\",\"inLanguage\":\"en-US\",\"potentialAction\":[{\"@type\":\"ReadAction\",\"target\":[\"https:\/\/www.airinov.fr\/\"]}]}]}<\/script>\n<!-- \/ Yoast SEO plugin. -->","_links":{"self":[{"href":"https:\/\/www.airinov.fr\/index.php\/wp-json\/wp\/v2\/pages\/6"}],"collection":[{"href":"https:\/\/www.airinov.fr\/index.php\/wp-json\/wp\/v2\/pages"}],"about":[{"href":"https:\/\/www.airinov.fr\/index.php\/wp-json\/wp\/v2\/types\/page"}],"author":[{"embeddable":true,"href":"https:\/\/www.airinov.fr\/index.php\/wp-json\/wp\/v2\/users\/1"}],"replies":[{"embeddable":true,"href":"https:\/\/www.airinov.fr\/index.php\/wp-json\/wp\/v2\/comments?post=6"}],"version-history":[{"count":1,"href":"https:\/\/www.airinov.fr\/index.php\/wp-json\/wp\/v2\/pages\/6\/revisions"}],"predecessor-version":[{"id":8,"href":"https:\/\/www.airinov.fr\/index.php\/wp-json\/wp\/v2\/pages\/6\/revisions\/8"}],"wp:featuredmedia":[{"embeddable":true,"href":"https:\/\/www.airinov.fr\/index.php\/wp-json\/wp\/v2\/media\/7"}],"wp:attachment":[{"href":"https:\/\/www.airinov.fr\/index.php\/wp-json\/wp\/v2\/media?parent=6"}],"curies":[{"name":"wp","href":"https:\/\/api.w.org\/{rel}","templated":true}]}}